{"id":37,"date":"2020-02-06T10:31:45","date_gmt":"2020-02-06T09:31:45","guid":{"rendered":"https:\/\/viacordis-akademie.de\/elernen\/anmeldung-fuer-dozenten\/"},"modified":"2020-04-15T08:07:03","modified_gmt":"2020-04-15T06:07:03","slug":"anmeldung-fuer-dozenten","status":"publish","type":"page","link":"https:\/\/viacordis-akademie.de\/elernen\/anmeldung-fuer-dozenten\/","title":{"rendered":"Anmeldung f\u00fcr Dozenten"},"content":{"rendered":"\n\n\t<div id=\"tutor-registration-wrap\">\n\n\t\t\n\t\t<form method=\"post\" enctype=\"multipart\/form-data\" id=\"tutor-registration-form\">\n\n\t\t\t\n\t\t\t<input type=\"hidden\" id=\"_tutor_nonce\" name=\"_tutor_nonce\" value=\"ac18800244\" \/><input type=\"hidden\" name=\"_wp_http_referer\" value=\"\/elernen\/wp-json\/wp\/v2\/pages\/37\" \/>\t\t\t<input type=\"hidden\" value=\"tutor_register_instructor\" name=\"tutor_action\"\/>\n\n\t\t\t\n\t\t\t<div class=\"tutor-form-row\">\n\t\t\t\t<div class=\"tutor-form-col-6\">\n\t\t\t\t\t<div class=\"tutor-form-group\">\n\t\t\t\t\t\t<label>\n\t\t\t\t\t\t\tVorname\t\t\t\t\t\t<\/label>\n\n\t\t\t\t\t\t<input type=\"text\" name=\"first_name\" value=\"\" placeholder=\"Vorname\" required autocomplete=\"given-name\">\n\t\t\t\t\t<\/div>\n\t\t\t\t<\/div>\n\n\t\t\t\t<div class=\"tutor-form-col-6\">\n\t\t\t\t\t<div class=\"tutor-form-group\">\n\t\t\t\t\t\t<label>\n\t\t\t\t\t\t\tNachname\t\t\t\t\t\t<\/label>\n\n\t\t\t\t\t\t<input type=\"text\" name=\"last_name\" value=\"\" placeholder=\"Nachname\" required autocomplete=\"family-name\">\n\t\t\t\t\t<\/div>\n\t\t\t\t<\/div>\n\n\n\t\t\t<\/div>\n\n\t\t\t<div class=\"tutor-form-row\">\n\n\t\t\t\t<div class=\"tutor-form-col-6\">\n\t\t\t\t\t<div class=\"tutor-form-group\">\n\t\t\t\t\t\t<label>\n\t\t\t\t\t\t\tBenutzername\t\t\t\t\t\t<\/label>\n\n\t\t\t\t\t\t<input type=\"text\" name=\"user_login\" class=\"tutor_user_name\" value=\"\" placeholder=\"Benutzername\" required autocomplete=\"username\">\n\t\t\t\t\t<\/div>\n\t\t\t\t<\/div>\n\n\t\t\t\t<div class=\"tutor-form-col-6\">\n\t\t\t\t\t<div class=\"tutor-form-group\">\n\t\t\t\t\t\t<label>\n\t\t\t\t\t\t\tE-Mail\t\t\t\t\t\t<\/label>\n\n\t\t\t\t\t\t<input type=\"text\" name=\"email\" value=\"\" placeholder=\"E-Mail\" required autocomplete=\"email\">\n\t\t\t\t\t<\/div>\n\t\t\t\t<\/div>\n\n\t\t\t<\/div>\n\n\t\t\t<div class=\"tutor-form-row\">\n\t\t\t\t<div class=\"tutor-form-col-6\">\n\t\t\t\t\t<div class=\"tutor-form-group\">\n\t\t\t\t\t\t<div class=\"tutor-password-strength-checker\">\n\t\t\t\t\t\t\t<div class=\"tutor-password-field\">\n\t\t\t\t\t\t\t\t<label>\n\t\t\t\t\t\t\t\t\tPasswort\t\t\t\t\t\t\t\t<\/label>\n\n\t\t\t\t\t\t\t\t<input class=\"password-checker\" id=\"tutor-new-password\" type=\"password\" name=\"password\" value=\"\" placeholder=\"Passwort\" required autocomplete=\"new-password\">\n\t\t\t\t\t\t\t\t<span class=\"show-hide-btn\"><\/span>\n\t\t\t\t\t\t\t<\/div>\n\t\t\t\t\t\t\t<div class=\"tutor-password-strength-hint\">\n\t\t\t\t\t\t\t\t<div class=\"indicator\">\n\t\t\t\t\t\t\t\t\t<span class=\"weak\"><\/span>\n\t\t\t\t\t\t\t\t\t<span class=\"medium\"><\/span>\n\t\t\t\t\t\t\t\t\t<span class=\"strong\"><\/span>\n\t\t\t\t\t\t\t\t<\/div>\n\t\t\t\t\t\t\t\t<div class=\"text tutor-fs-7 tutor-color-muted\"><\/div>\n\t\t\t\t\t\t\t<\/div>\n\t\t\t\t\t\t<\/div>\n\t\t\t\t\t<\/div>\n\t\t\t\t<\/div>\n\n\t\t\t\t<div class=\"tutor-form-col-6\">\n\t\t\t\t\t<div class=\"tutor-form-group\">\n\t\t\t\t\t\t<label>\n\t\t\t\t\t\t\tPasswortbest\u00e4tigung\t\t\t\t\t\t<\/label>\n\n\t\t\t\t\t\t<div class=\"tutor-form-wrap\">\n\t\t\t\t\t\t\t<span class=\"tutor-validation-icon tutor-icon-mark tutor-color-success tutor-form-icon tutor-form-icon-reverse\" style=\"display: none;\"><\/span>\n\t\t\t\t\t\t\t<input type=\"password\" name=\"password_confirmation\" value=\"\" placeholder=\"Passwortbest\u00e4tigung\" required autocomplete=\"new-password\" style=\"margin-bottom: 0;\">\n\t\t\t\t\t\t<\/div>\n\t\t\t\t\t<\/div>\n\t\t\t\t<\/div>\n\t\t\t<\/div>\n\n\t\t\t<div class=\"tutor-form-row\">\n\t\t\t\t<div class=\"tutor-form-col-12\">\n\t\t\t\t\t<div class=\"tutor-form-group\">\n\t\t\t\t\t\t\t\t\t\t\t<\/div>\n\t\t\t\t<\/div>\n\t\t\t<\/div> \n\n\t\t\t\n\t\t\t\n\t\t\t\t\t\t\t<div class=\"tutor-mb-24\">\n\t\t\t\t\tMit der Anmeldung erkl\u00e4re ich mich einverstanden mit den <a target=\"_blank\" href=\"https:\/\/viacordis-akademie.de\/elernen\/geschaeftsbedingungen\/\" title=\"Allgemeine Gesch\u00e4ftsbedingungen\">Allgemeine Gesch\u00e4ftsbedingungen<\/a>\n\t\t\t\t<\/div>\n\t\t\t\n\t\t\t<div>\n\t\t\t\t<button type=\"submit\" name=\"tutor_register_instructor_btn\" value=\"register\" class=\"tutor-btn tutor-btn-primary tutor-btn-block\">Als Kursleiter registrieren<\/button>\n\t\t\t<\/div>\n\t\t\t\n\t\t<\/form>\n\t\t\t<\/div>\n\n\t","protected":false},"excerpt":{"rendered":"<p>Vorname Nachname Benutzername E-Mail Passwort Passwortbest\u00e4tigung Mit der Anmeldung erkl\u00e4re ich mich einverstanden mit den Allgemeine Gesch\u00e4ftsbedingungen Als Kursleiter registrieren<\/p>\n","protected":false},"author":1,"featured_media":0,"parent":0,"menu_order":0,"comment_status":"closed","ping_status":"closed","template":"","meta":{"_kad_blocks_custom_css":"","_kad_blocks_head_custom_js":"","_kad_blocks_body_custom_js":"","_kad_blocks_footer_custom_js":"","_kad_post_transparent":"","_kad_post_title":"","_kad_post_layout":"","_kad_post_sidebar_id":"","_kad_post_content_style":"","_kad_post_vertical_padding":"","_kad_post_feature":"","_kad_post_feature_position":"","_kad_post_header":false,"_kad_post_footer":false,"_kad_post_classname":"","footnotes":""},"class_list":["post-37","page","type-page","status-publish","hentry"],"yoast_head":"<!-- This site is optimized with the Yoast SEO plugin v27.3 - https:\/\/yoast.com\/product\/yoast-seo-wordpress\/ -->\n<title>Anmeldung f\u00fcr Dozenten &#187; ViaCordis Akademie eLernen<\/title>\n<meta name=\"robots\" content=\"index, follow, max-snippet:-1, max-image-preview:large, max-video-preview:-1\" \/>\n<link rel=\"canonical\" href=\"https:\/\/viacordis-akademie.de\/elernen\/anmeldung-fuer-dozenten\/\" \/>\n<meta property=\"og:locale\" content=\"de_DE\" \/>\n<meta property=\"og:type\" content=\"article\" \/>\n<meta property=\"og:title\" content=\"Anmeldung f\u00fcr Dozenten &#187; ViaCordis Akademie eLernen\" \/>\n<meta property=\"og:description\" content=\"Vorname Nachname Benutzername E-Mail Passwort Passwortbest\u00e4tigung Mit der Anmeldung erkl\u00e4re ich mich einverstanden mit den Allgemeine Gesch\u00e4ftsbedingungen Als Kursleiter registrieren\" \/>\n<meta property=\"og:url\" content=\"https:\/\/viacordis-akademie.de\/elernen\/anmeldung-fuer-dozenten\/\" \/>\n<meta property=\"og:site_name\" content=\"ViaCordis Akademie eLernen\" \/>\n<meta property=\"article:modified_time\" content=\"2020-04-15T06:07:03+00:00\" \/>\n<meta name=\"twitter:card\" content=\"summary_large_image\" \/>\n<script type=\"application\/ld+json\" class=\"yoast-schema-graph\">{\"@context\":\"https:\\\/\\\/schema.org\",\"@graph\":[{\"@type\":\"WebPage\",\"@id\":\"https:\\\/\\\/viacordis-akademie.de\\\/elernen\\\/anmeldung-fuer-dozenten\\\/\",\"url\":\"https:\\\/\\\/viacordis-akademie.de\\\/elernen\\\/anmeldung-fuer-dozenten\\\/\",\"name\":\"Anmeldung f\u00fcr Dozenten &#187; ViaCordis Akademie eLernen\",\"isPartOf\":{\"@id\":\"https:\\\/\\\/viacordis-akademie.de\\\/elernen\\\/#website\"},\"datePublished\":\"2020-02-06T09:31:45+00:00\",\"dateModified\":\"2020-04-15T06:07:03+00:00\",\"breadcrumb\":{\"@id\":\"https:\\\/\\\/viacordis-akademie.de\\\/elernen\\\/anmeldung-fuer-dozenten\\\/#breadcrumb\"},\"inLanguage\":\"de\",\"potentialAction\":[{\"@type\":\"ReadAction\",\"target\":[\"https:\\\/\\\/viacordis-akademie.de\\\/elernen\\\/anmeldung-fuer-dozenten\\\/\"]}]},{\"@type\":\"BreadcrumbList\",\"@id\":\"https:\\\/\\\/viacordis-akademie.de\\\/elernen\\\/anmeldung-fuer-dozenten\\\/#breadcrumb\",\"itemListElement\":[{\"@type\":\"ListItem\",\"position\":1,\"name\":\"Startseite\",\"item\":\"https:\\\/\\\/viacordis-akademie.de\\\/elernen\\\/\"},{\"@type\":\"ListItem\",\"position\":2,\"name\":\"Anmeldung f\u00fcr Dozenten\"}]},{\"@type\":\"WebSite\",\"@id\":\"https:\\\/\\\/viacordis-akademie.de\\\/elernen\\\/#website\",\"url\":\"https:\\\/\\\/viacordis-akademie.de\\\/elernen\\\/\",\"name\":\"ViaCordis Akademie eLernen\",\"description\":\"Elektronisch unterst\u00fctztes Lernen - deutschsprachige Nutzer..\",\"publisher\":{\"@id\":\"https:\\\/\\\/viacordis-akademie.de\\\/elernen\\\/#organization\"},\"potentialAction\":[{\"@type\":\"SearchAction\",\"target\":{\"@type\":\"EntryPoint\",\"urlTemplate\":\"https:\\\/\\\/viacordis-akademie.de\\\/elernen\\\/?s={search_term_string}\"},\"query-input\":{\"@type\":\"PropertyValueSpecification\",\"valueRequired\":true,\"valueName\":\"search_term_string\"}}],\"inLanguage\":\"de\"},{\"@type\":\"Organization\",\"@id\":\"https:\\\/\\\/viacordis-akademie.de\\\/elernen\\\/#organization\",\"name\":\"Via Cordis Akademie\",\"url\":\"https:\\\/\\\/viacordis-akademie.de\\\/elernen\\\/\",\"logo\":{\"@type\":\"ImageObject\",\"inLanguage\":\"de\",\"@id\":\"https:\\\/\\\/viacordis-akademie.de\\\/elernen\\\/#\\\/schema\\\/logo\\\/image\\\/\",\"url\":\"https:\\\/\\\/viacordis-akademie.de\\\/elernen\\\/wp-content\\\/uploads\\\/sites\\\/3\\\/2020\\\/02\\\/vca-3.png\",\"contentUrl\":\"https:\\\/\\\/viacordis-akademie.de\\\/elernen\\\/wp-content\\\/uploads\\\/sites\\\/3\\\/2020\\\/02\\\/vca-3.png\",\"width\":873,\"height\":443,\"caption\":\"Via Cordis Akademie\"},\"image\":{\"@id\":\"https:\\\/\\\/viacordis-akademie.de\\\/elernen\\\/#\\\/schema\\\/logo\\\/image\\\/\"}}]}<\/script>\n<!-- \/ Yoast SEO plugin. -->","yoast_head_json":{"title":"Anmeldung f\u00fcr Dozenten &#187; ViaCordis Akademie eLernen","robots":{"index":"index","follow":"follow","max-snippet":"max-snippet:-1","max-image-preview":"max-image-preview:large","max-video-preview":"max-video-preview:-1"},"canonical":"https:\/\/viacordis-akademie.de\/elernen\/anmeldung-fuer-dozenten\/","og_locale":"de_DE","og_type":"article","og_title":"Anmeldung f\u00fcr Dozenten &#187; ViaCordis Akademie eLernen","og_description":"Vorname Nachname Benutzername E-Mail Passwort Passwortbest\u00e4tigung Mit der Anmeldung erkl\u00e4re ich mich einverstanden mit den Allgemeine Gesch\u00e4ftsbedingungen Als Kursleiter registrieren","og_url":"https:\/\/viacordis-akademie.de\/elernen\/anmeldung-fuer-dozenten\/","og_site_name":"ViaCordis Akademie eLernen","article_modified_time":"2020-04-15T06:07:03+00:00","twitter_card":"summary_large_image","schema":{"@context":"https:\/\/schema.org","@graph":[{"@type":"WebPage","@id":"https:\/\/viacordis-akademie.de\/elernen\/anmeldung-fuer-dozenten\/","url":"https:\/\/viacordis-akademie.de\/elernen\/anmeldung-fuer-dozenten\/","name":"Anmeldung f\u00fcr Dozenten &#187; ViaCordis Akademie eLernen","isPartOf":{"@id":"https:\/\/viacordis-akademie.de\/elernen\/#website"},"datePublished":"2020-02-06T09:31:45+00:00","dateModified":"2020-04-15T06:07:03+00:00","breadcrumb":{"@id":"https:\/\/viacordis-akademie.de\/elernen\/anmeldung-fuer-dozenten\/#breadcrumb"},"inLanguage":"de","potentialAction":[{"@type":"ReadAction","target":["https:\/\/viacordis-akademie.de\/elernen\/anmeldung-fuer-dozenten\/"]}]},{"@type":"BreadcrumbList","@id":"https:\/\/viacordis-akademie.de\/elernen\/anmeldung-fuer-dozenten\/#breadcrumb","itemListElement":[{"@type":"ListItem","position":1,"name":"Startseite","item":"https:\/\/viacordis-akademie.de\/elernen\/"},{"@type":"ListItem","position":2,"name":"Anmeldung f\u00fcr Dozenten"}]},{"@type":"WebSite","@id":"https:\/\/viacordis-akademie.de\/elernen\/#website","url":"https:\/\/viacordis-akademie.de\/elernen\/","name":"ViaCordis Akademie eLernen","description":"Elektronisch unterst\u00fctztes Lernen - deutschsprachige Nutzer..","publisher":{"@id":"https:\/\/viacordis-akademie.de\/elernen\/#organization"},"potentialAction":[{"@type":"SearchAction","target":{"@type":"EntryPoint","urlTemplate":"https:\/\/viacordis-akademie.de\/elernen\/?s={search_term_string}"},"query-input":{"@type":"PropertyValueSpecification","valueRequired":true,"valueName":"search_term_string"}}],"inLanguage":"de"},{"@type":"Organization","@id":"https:\/\/viacordis-akademie.de\/elernen\/#organization","name":"Via Cordis Akademie","url":"https:\/\/viacordis-akademie.de\/elernen\/","logo":{"@type":"ImageObject","inLanguage":"de","@id":"https:\/\/viacordis-akademie.de\/elernen\/#\/schema\/logo\/image\/","url":"https:\/\/viacordis-akademie.de\/elernen\/wp-content\/uploads\/sites\/3\/2020\/02\/vca-3.png","contentUrl":"https:\/\/viacordis-akademie.de\/elernen\/wp-content\/uploads\/sites\/3\/2020\/02\/vca-3.png","width":873,"height":443,"caption":"Via Cordis Akademie"},"image":{"@id":"https:\/\/viacordis-akademie.de\/elernen\/#\/schema\/logo\/image\/"}}]}},"taxonomy_info":[],"featured_image_src_large":false,"author_info":{"display_name":"Zeljko","author_link":"https:\/\/viacordis-akademie.de\/elernen\/author\/redaktion\/"},"comment_info":0,"_links":{"self":[{"href":"https:\/\/viacordis-akademie.de\/elernen\/wp-json\/wp\/v2\/pages\/37","targetHints":{"allow":["GET"]}}],"collection":[{"href":"https:\/\/viacordis-akademie.de\/elernen\/wp-json\/wp\/v2\/pages"}],"about":[{"href":"https:\/\/viacordis-akademie.de\/elernen\/wp-json\/wp\/v2\/types\/page"}],"author":[{"embeddable":true,"href":"https:\/\/viacordis-akademie.de\/elernen\/wp-json\/wp\/v2\/users\/1"}],"replies":[{"embeddable":true,"href":"https:\/\/viacordis-akademie.de\/elernen\/wp-json\/wp\/v2\/comments?post=37"}],"version-history":[{"count":0,"href":"https:\/\/viacordis-akademie.de\/elernen\/wp-json\/wp\/v2\/pages\/37\/revisions"}],"wp:attachment":[{"href":"https:\/\/viacordis-akademie.de\/elernen\/wp-json\/wp\/v2\/media?parent=37"}],"curies":[{"name":"wp","href":"https:\/\/api.w.org\/{rel}","templated":true}]}}